{"id":10613,"date":"2023-11-15T12:56:28","date_gmt":"2023-11-15T11:56:28","guid":{"rendered":"https:\/\/taxi-landeck.co.at\/?page_id=10613"},"modified":"2023-11-15T12:56:28","modified_gmt":"2023-11-15T11:56:28","slug":"landeck-taxi-weltweit-reisen","status":"publish","type":"page","link":"https:\/\/taxi-landeck.co.at\/de_de\/landeck-taxi-weltweit-reisen\/","title":{"rendered":"Landeck Taxi weltweit reisen"},"content":{"rendered":"<div class=\"vc_row wpb_row vc_row-fluid\"><div class=\"wpb_column vc_column_container vc_col-sm-6\"><div class=\"vc_column-inner\"><div class=\"wpb_wrapper\">\n<div class=\"vc-zigzag-wrapper vc-zigzag-align-center\"><div class=\"vc-zigzag-inner\" style=\"width: 100%;min-height: 14px;background: 0 repeat-x url(&#039;data:image\/svg+xml;utf-8,%3C%3Fxml%20version%3D%221.0%22%20encoding%3D%22utf-8%22%3F%3E%3C%21DOCTYPE%20svg%20PUBLIC%20%22-%2F%2FW3C%2F%2FDTD%20SVG%201.1%2F%2FEN%22%20%22http%3A%2F%2Fwww.w3.org%2FGraphics%2FSVG%2F1.1%2FDTD%2Fsvg11.dtd%22%3E%3Csvg%20width%3D%2214px%22%20height%3D%2212px%22%20viewBox%3D%220%200%2018%2015%22%20version%3D%221.1%22%20xmlns%3D%22http%3A%2F%2Fwww.w3.org%2F2000%2Fsvg%22%20xmlns%3Axlink%3D%22http%3A%2F%2Fwww.w3.org%2F1999%2Fxlink%22%3E%3Cpolygon%20id%3D%22Combined-Shape%22%20fill%3D%22%23ebebeb%22%20points%3D%228.98762301%200%200%209.12771969%200%2014.519983%209%205.40479869%2018%2014.519983%2018%209.12771969%22%3E%3C%2Fpolygon%3E%3C%2Fsvg%3E&#039;);\"><\/div><\/div>\n\t<div class=\"wpb_text_column wpb_content_element \" >\n\t\t<div class=\"wpb_wrapper\">\n\t\t\t<h2>Von Landeck aus in die ganze Welt: Professioneller und schneller Taxiservice<\/h2>\n\n\t\t<\/div>\n\t<\/div>\n<\/div><\/div><\/div><div class=\"wpb_column vc_column_container vc_col-sm-6\"><div class=\"vc_column-inner\"><div class=\"wpb_wrapper\">\n<div class=\"vc-zigzag-wrapper vc-zigzag-align-center\"><div class=\"vc-zigzag-inner\" style=\"width: 100%;min-height: 14px;background: 0 repeat-x url(&#039;data:image\/svg+xml;utf-8,%3C%3Fxml%20version%3D%221.0%22%20encoding%3D%22utf-8%22%3F%3E%3C%21DOCTYPE%20svg%20PUBLIC%20%22-%2F%2FW3C%2F%2FDTD%20SVG%201.1%2F%2FEN%22%20%22http%3A%2F%2Fwww.w3.org%2FGraphics%2FSVG%2F1.1%2FDTD%2Fsvg11.dtd%22%3E%3Csvg%20width%3D%2214px%22%20height%3D%2212px%22%20viewBox%3D%220%200%2018%2015%22%20version%3D%221.1%22%20xmlns%3D%22http%3A%2F%2Fwww.w3.org%2F2000%2Fsvg%22%20xmlns%3Axlink%3D%22http%3A%2F%2Fwww.w3.org%2F1999%2Fxlink%22%3E%3Cpolygon%20id%3D%22Combined-Shape%22%20fill%3D%22%23ebebeb%22%20points%3D%228.98762301%200%200%209.12771969%200%2014.519983%209%205.40479869%2018%2014.519983%2018%209.12771969%22%3E%3C%2Fpolygon%3E%3C%2Fsvg%3E&#039;);\"><\/div><\/div>\n\t<div  class=\"wpb_single_image wpb_content_element vc_align_left\">\n\t\t\n\t\t<figure class=\"wpb_wrapper vc_figure\">\n\t\t\t<div class=\"vc_single_image-wrapper   vc_box_border_grey\"><img loading=\"lazy\" decoding=\"async\" class=\"vc_single_image-img \" src=\"https:\/\/taxi-landeck.co.at\/wp-content\/uploads\/2023\/11\/Taxi-Landeck-Ausland-300x300.jpeg\" width=\"300\" height=\"300\" alt=\"Taxi-Landeck-Ausland\" title=\"Taxi-Landeck-Ausland\" \/><\/div><figcaption class=\"vc_figure-caption\">Taxi-Landeck-Ausland<\/figcaption>\n\t\t<\/figure>\n\t<\/div>\n<\/div><\/div><\/div><\/div><div class=\"vc_row wpb_row vc_row-fluid\"><div class=\"wpb_column vc_column_container vc_col-sm-12\"><div class=\"vc_column-inner\"><div class=\"wpb_wrapper\"><\/div><\/div><\/div><\/div><div class=\"vc_row wpb_row vc_row-fluid\"><div class=\"wpb_column vc_column_container vc_col-sm-12\"><div class=\"vc_column-inner\"><div class=\"wpb_wrapper\">\n\t<div class=\"wpb_text_column wpb_content_element \" >\n\t\t<div class=\"wpb_wrapper\">\n\t\t\t<p>Reisen, neue Orte zu entdecken und Kulturen zu erleben, ist eine aufregende Gelegenheit. In der Region Landeck stehen wir Ihnen als zuverl\u00e4ssiges Transportmittel unter dem Namen Landeck Taxi zur Verf\u00fcgung, um Ihnen eine grenzenlose Transporterfahrung zu bieten.<\/p>\n<p><strong>Unsere Dienstleistungen:<\/strong><\/p>\n<ol>\n<li><strong>Sichere Fahrten mit Erfahrenen Fahrern:<\/strong> Erleben Sie sichere und komfortable Fahrten mit unseren professionellen und erfahrenen Fahrern.<\/li>\n<li><strong>Rund um die Uhr f\u00fcr Sie da:<\/strong> Wir bieten Ihnen rund um die Uhr, Tag und Nacht, unsere Dienste an. Egal, ob Sie fr\u00fchmorgens einen Flug erwischen m\u00fcssen oder mitten in der Nacht unterwegs sind, wir sind immer f\u00fcr Sie da.<\/li>\n<li><strong>Flexible Buchungsm\u00f6glichkeiten:<\/strong> Ob Sie Ihre Reise im Voraus planen m\u00f6chten oder spontan einen Taxidienst ben\u00f6tigen, unsere flexiblen Buchungsm\u00f6glichkeiten passen sich Ihren Bed\u00fcrfnissen an.<\/li>\n<li><strong>Komfortable Fahrzeuge:<\/strong> Wir sorgen mit komfortablen und gepflegten Fahrzeugen f\u00fcr ein angenehmes Reiseerlebnis.<\/li>\n<\/ol>\n<p><strong>Mit Landeck Taxi weltweit reisen:<\/strong><\/p>\n<p>Als Landeck Taxi bieten wir nicht nur in Landeck, sondern auch weltweit unsere Dienstleistungen an. Egal, ob es sich um eine Fahrt innerhalb der Stadt oder eine Langstreckenreise handelt, die Planung Ihrer Reise mit uns verspricht eine zuverl\u00e4ssige und beeindruckende Erfahrung.<\/p>\n<p>F\u00fcr eine reibungslose, komfortable und zuverl\u00e4ssige Reise entscheiden Sie sich f\u00fcr uns. Landeck Taxi ist Ihr Begleiter bei jeder Reise. Ob Sie historische St\u00e4dte erkunden oder gesch\u00e4ftlich unterwegs sind, wir bieten Ihnen einen Transportdienst, der jeden Moment zu etwas Besonderem macht. Kontaktieren Sie uns und genie\u00dfen Sie Ihre Reise!<\/p>\n\n\t\t<\/div>\n\t<\/div>\n\n<div class=\"vc-zigzag-wrapper vc-zigzag-align-center\"><div class=\"vc-zigzag-inner\" style=\"width: 100%;min-height: 14px;background: 0 repeat-x url(&#039;data:image\/svg+xml;utf-8,%3C%3Fxml%20version%3D%221.0%22%20encoding%3D%22utf-8%22%3F%3E%3C%21DOCTYPE%20svg%20PUBLIC%20%22-%2F%2FW3C%2F%2FDTD%20SVG%201.1%2F%2FEN%22%20%22http%3A%2F%2Fwww.w3.org%2FGraphics%2FSVG%2F1.1%2FDTD%2Fsvg11.dtd%22%3E%3Csvg%20width%3D%2214px%22%20height%3D%2212px%22%20viewBox%3D%220%200%2018%2015%22%20version%3D%221.1%22%20xmlns%3D%22http%3A%2F%2Fwww.w3.org%2F2000%2Fsvg%22%20xmlns%3Axlink%3D%22http%3A%2F%2Fwww.w3.org%2F1999%2Fxlink%22%3E%3Cpolygon%20id%3D%22Combined-Shape%22%20fill%3D%22%23ebebeb%22%20points%3D%228.98762301%200%200%209.12771969%200%2014.519983%209%205.40479869%2018%2014.519983%2018%209.12771969%22%3E%3C%2Fpolygon%3E%3C%2Fsvg%3E&#039;);\"><\/div><\/div><\/div><\/div><\/div><\/div>\n","protected":false},"excerpt":{"rendered":"Von Landeck aus in die ganze Welt: Professioneller und schneller Taxiservice Taxi-Landeck-Ausland Reisen, neue Orte zu entdecken und Kulturen zu erleben, ist eine aufregende Gelegenheit. In der Region Landeck stehen wir Ihnen als zuverl\u00e4ssiges Transportmittel unter dem Namen Landeck Taxi zur Verf\u00fcgung, um Ihnen eine grenzenlose Transporterfahrung zu bieten. Unsere Dienstleistungen: Sichere Fahrten mit Erfahrenen Fahrern: Erleben Sie sichere und&hellip;","protected":false},"author":1,"featured_media":0,"parent":0,"menu_order":0,"comment_status":"closed","ping_status":"closed","template":"","meta":{"footnotes":""},"class_list":["post-10613","page","type-page","status-publish","hentry"],"yoast_head":"<!-- This site is optimized with the Yoast SEO Premium plugin v20.1 (Yoast SEO v23.7) - https:\/\/yoast.com\/wordpress\/plugins\/seo\/ -->\n<title>Landeck Taxi weltweit reisen - Taxi Landeck | Flughafentaxi Landeck | Airport Transfer<\/title>\n<meta name=\"description\" content=\"Von Landeck aus in die ganze Welt: Professioneller und schneller Taxiservice Taxi der Landecker Landeck Bahnhof\" \/>\n<meta name=\"robots\" content=\"index, follow, max-snippet:-1, max-image-preview:large, max-video-preview:-1\" \/>\n<link rel=\"canonical\" href=\"https:\/\/taxi-landeck.co.at\/de_de\/landeck-taxi-weltweit-reisen\/\" \/>\n<meta property=\"og:locale\" content=\"de_DE\" \/>\n<meta property=\"og:type\" content=\"article\" \/>\n<meta property=\"og:title\" content=\"Landeck Taxi weltweit reisen\" \/>\n<meta property=\"og:description\" content=\"Von Landeck aus in die ganze Welt: Professioneller und schneller Taxiservice Taxi der Landecker Landeck Bahnhof\" \/>\n<meta property=\"og:url\" content=\"https:\/\/taxi-landeck.co.at\/de_de\/landeck-taxi-weltweit-reisen\/\" \/>\n<meta property=\"og:site_name\" content=\"Taxi Landeck | Flughafentaxi Landeck | Airport Transfer\" \/>\n<meta name=\"twitter:card\" content=\"summary_large_image\" \/>\n<meta name=\"twitter:label1\" content=\"Gesch\u00e4tzte Lesezeit\" \/>\n\t<meta name=\"twitter:data1\" content=\"2\u00a0Minuten\" \/>\n<script type=\"application\/ld+json\" class=\"yoast-schema-graph\">{\"@context\":\"https:\/\/schema.org\",\"@graph\":[{\"@type\":\"WebPage\",\"@id\":\"https:\/\/taxi-landeck.co.at\/landeck-taxi-weltweit-reisen\/\",\"url\":\"https:\/\/taxi-landeck.co.at\/landeck-taxi-weltweit-reisen\/\",\"name\":\"Landeck Taxi weltweit reisen - Taxi Landeck | Flughafentaxi Landeck | Airport Transfer\",\"isPartOf\":{\"@id\":\"https:\/\/taxi-landeck.co.at\/en\/#website\"},\"datePublished\":\"2023-11-15T11:56:28+00:00\",\"dateModified\":\"2023-11-15T11:56:28+00:00\",\"description\":\"Von Landeck aus in die ganze Welt: Professioneller und schneller Taxiservice Taxi der Landecker Landeck Bahnhof\",\"breadcrumb\":{\"@id\":\"https:\/\/taxi-landeck.co.at\/landeck-taxi-weltweit-reisen\/#breadcrumb\"},\"inLanguage\":\"de\",\"potentialAction\":[{\"@type\":\"ReadAction\",\"target\":[\"https:\/\/taxi-landeck.co.at\/landeck-taxi-weltweit-reisen\/\"]}]},{\"@type\":\"BreadcrumbList\",\"@id\":\"https:\/\/taxi-landeck.co.at\/landeck-taxi-weltweit-reisen\/#breadcrumb\",\"itemListElement\":[{\"@type\":\"ListItem\",\"position\":1,\"name\":\"Home\",\"item\":\"https:\/\/taxi-landeck.co.at\/en\/\"},{\"@type\":\"ListItem\",\"position\":2,\"name\":\"Landeck Taxi weltweit reisen\"}]},{\"@type\":\"WebSite\",\"@id\":\"https:\/\/taxi-landeck.co.at\/en\/#website\",\"url\":\"https:\/\/taxi-landeck.co.at\/en\/\",\"name\":\"Taxi Landeck | Flughafentaxi Landeck | Airport Transfer\",\"description\":\"Der Landecker Taxi\",\"publisher\":{\"@id\":\"https:\/\/taxi-landeck.co.at\/en\/#organization\"},\"potentialAction\":[{\"@type\":\"SearchAction\",\"target\":{\"@type\":\"EntryPoint\",\"urlTemplate\":\"https:\/\/taxi-landeck.co.at\/en\/?s={search_term_string}\"},\"query-input\":{\"@type\":\"PropertyValueSpecification\",\"valueRequired\":true,\"valueName\":\"search_term_string\"}}],\"inLanguage\":\"de\"},{\"@type\":[\"Organization\",\"Place\"],\"@id\":\"https:\/\/taxi-landeck.co.at\/en\/#organization\",\"name\":\"Der Landecker Taxi\",\"alternateName\":\"Taxi Landeck\",\"url\":\"https:\/\/taxi-landeck.co.at\/en\/\",\"logo\":{\"@id\":\"https:\/\/taxi-landeck.co.at\/landeck-taxi-weltweit-reisen\/#local-main-organization-logo\"},\"image\":{\"@id\":\"https:\/\/taxi-landeck.co.at\/landeck-taxi-weltweit-reisen\/#local-main-organization-logo\"},\"address\":{\"@id\":\"https:\/\/taxi-landeck.co.at\/landeck-taxi-weltweit-reisen\/#local-main-place-address\"},\"geo\":{\"@type\":\"GeoCoordinates\",\"latitude\":\"47.141540\",\"longitude\":\"10.548720\"},\"telephone\":[\"+436606466500\",\"+436606466500\"],\"openingHoursSpecification\":[{\"@type\":\"OpeningHoursSpecification\",\"dayOfWeek\":[\"Monday\",\"Tuesday\",\"Wednesday\",\"Thursday\",\"Friday\",\"Saturday\",\"Sunday\"],\"opens\":\"00:00\",\"closes\":\"23:59\"}],\"email\":\"info@taxi-landeck.co.at\"},{\"@type\":\"PostalAddress\",\"@id\":\"https:\/\/taxi-landeck.co.at\/landeck-taxi-weltweit-reisen\/#local-main-place-address\",\"streetAddress\":\"Leitenweg 5\",\"addressLocality\":\"Landeck\",\"postalCode\":\"6500\",\"addressRegion\":\"Tirol\",\"addressCountry\":\"AT\"},{\"@type\":\"ImageObject\",\"inLanguage\":\"de\",\"@id\":\"https:\/\/taxi-landeck.co.at\/landeck-taxi-weltweit-reisen\/#local-main-organization-logo\",\"url\":\"https:\/\/taxi-landeck.co.at\/wp-content\/uploads\/2017\/11\/Derlandeckertaxi2_logoschwarz-1.png\",\"contentUrl\":\"https:\/\/taxi-landeck.co.at\/wp-content\/uploads\/2017\/11\/Derlandeckertaxi2_logoschwarz-1.png\",\"width\":600,\"height\":173,\"caption\":\"Der Landecker Taxi\"}]}<\/script>\n<meta name=\"geo.placename\" content=\"Landeck\" \/>\n<meta name=\"geo.position\" content=\"47.141540;10.548720\" \/>\n<meta name=\"geo.region\" content=\"\u00d6sterreich\" \/>\n<!-- \/ Yoast SEO Premium plugin. -->","yoast_head_json":{"title":"Landeck Taxi weltweit reisen - Taxi Landeck | Flughafentaxi Landeck | Airport Transfer","description":"Von Landeck aus in die ganze Welt: Professioneller und schneller Taxiservice Taxi der Landecker Landeck Bahnhof","robots":{"index":"index","follow":"follow","max-snippet":"max-snippet:-1","max-image-preview":"max-image-preview:large","max-video-preview":"max-video-preview:-1"},"canonical":"https:\/\/taxi-landeck.co.at\/de_de\/landeck-taxi-weltweit-reisen\/","og_locale":"de_DE","og_type":"article","og_title":"Landeck Taxi weltweit reisen","og_description":"Von Landeck aus in die ganze Welt: Professioneller und schneller Taxiservice Taxi der Landecker Landeck Bahnhof","og_url":"https:\/\/taxi-landeck.co.at\/de_de\/landeck-taxi-weltweit-reisen\/","og_site_name":"Taxi Landeck | Flughafentaxi Landeck | Airport Transfer","twitter_card":"summary_large_image","twitter_misc":{"Gesch\u00e4tzte Lesezeit":"2\u00a0Minuten"},"schema":{"@context":"https:\/\/schema.org","@graph":[{"@type":"WebPage","@id":"https:\/\/taxi-landeck.co.at\/landeck-taxi-weltweit-reisen\/","url":"https:\/\/taxi-landeck.co.at\/landeck-taxi-weltweit-reisen\/","name":"Landeck Taxi weltweit reisen - Taxi Landeck | Flughafentaxi Landeck | Airport Transfer","isPartOf":{"@id":"https:\/\/taxi-landeck.co.at\/en\/#website"},"datePublished":"2023-11-15T11:56:28+00:00","dateModified":"2023-11-15T11:56:28+00:00","description":"Von Landeck aus in die ganze Welt: Professioneller und schneller Taxiservice Taxi der Landecker Landeck Bahnhof","breadcrumb":{"@id":"https:\/\/taxi-landeck.co.at\/landeck-taxi-weltweit-reisen\/#breadcrumb"},"inLanguage":"de","potentialAction":[{"@type":"ReadAction","target":["https:\/\/taxi-landeck.co.at\/landeck-taxi-weltweit-reisen\/"]}]},{"@type":"BreadcrumbList","@id":"https:\/\/taxi-landeck.co.at\/landeck-taxi-weltweit-reisen\/#breadcrumb","itemListElement":[{"@type":"ListItem","position":1,"name":"Home","item":"https:\/\/taxi-landeck.co.at\/en\/"},{"@type":"ListItem","position":2,"name":"Landeck Taxi weltweit reisen"}]},{"@type":"WebSite","@id":"https:\/\/taxi-landeck.co.at\/en\/#website","url":"https:\/\/taxi-landeck.co.at\/en\/","name":"Taxi Landeck | Flughafentaxi Landeck | Airport Transfer","description":"Der Landecker Taxi","publisher":{"@id":"https:\/\/taxi-landeck.co.at\/en\/#organization"},"potentialAction":[{"@type":"SearchAction","target":{"@type":"EntryPoint","urlTemplate":"https:\/\/taxi-landeck.co.at\/en\/?s={search_term_string}"},"query-input":{"@type":"PropertyValueSpecification","valueRequired":true,"valueName":"search_term_string"}}],"inLanguage":"de"},{"@type":["Organization","Place"],"@id":"https:\/\/taxi-landeck.co.at\/en\/#organization","name":"Der Landecker Taxi","alternateName":"Taxi Landeck","url":"https:\/\/taxi-landeck.co.at\/en\/","logo":{"@id":"https:\/\/taxi-landeck.co.at\/landeck-taxi-weltweit-reisen\/#local-main-organization-logo"},"image":{"@id":"https:\/\/taxi-landeck.co.at\/landeck-taxi-weltweit-reisen\/#local-main-organization-logo"},"address":{"@id":"https:\/\/taxi-landeck.co.at\/landeck-taxi-weltweit-reisen\/#local-main-place-address"},"geo":{"@type":"GeoCoordinates","latitude":"47.141540","longitude":"10.548720"},"telephone":["+436606466500","+436606466500"],"openingHoursSpecification":[{"@type":"OpeningHoursSpecification","dayOfWeek":["Monday","Tuesday","Wednesday","Thursday","Friday","Saturday","Sunday"],"opens":"00:00","closes":"23:59"}],"email":"info@taxi-landeck.co.at"},{"@type":"PostalAddress","@id":"https:\/\/taxi-landeck.co.at\/landeck-taxi-weltweit-reisen\/#local-main-place-address","streetAddress":"Leitenweg 5","addressLocality":"Landeck","postalCode":"6500","addressRegion":"Tirol","addressCountry":"AT"},{"@type":"ImageObject","inLanguage":"de","@id":"https:\/\/taxi-landeck.co.at\/landeck-taxi-weltweit-reisen\/#local-main-organization-logo","url":"https:\/\/taxi-landeck.co.at\/wp-content\/uploads\/2017\/11\/Derlandeckertaxi2_logoschwarz-1.png","contentUrl":"https:\/\/taxi-landeck.co.at\/wp-content\/uploads\/2017\/11\/Derlandeckertaxi2_logoschwarz-1.png","width":600,"height":173,"caption":"Der Landecker Taxi"}]},"geo.placename":"Landeck","geo.position":{"lat":"47.141540","long":"10.548720"},"geo.region":"\u00d6sterreich"},"_links":{"self":[{"href":"https:\/\/taxi-landeck.co.at\/de_de\/wp-json\/wp\/v2\/pages\/10613"}],"collection":[{"href":"https:\/\/taxi-landeck.co.at\/de_de\/wp-json\/wp\/v2\/pages"}],"about":[{"href":"https:\/\/taxi-landeck.co.at\/de_de\/wp-json\/wp\/v2\/types\/page"}],"author":[{"embeddable":true,"href":"https:\/\/taxi-landeck.co.at\/de_de\/wp-json\/wp\/v2\/users\/1"}],"replies":[{"embeddable":true,"href":"https:\/\/taxi-landeck.co.at\/de_de\/wp-json\/wp\/v2\/comments?post=10613"}],"version-history":[{"count":1,"href":"https:\/\/taxi-landeck.co.at\/de_de\/wp-json\/wp\/v2\/pages\/10613\/revisions"}],"predecessor-version":[{"id":10615,"href":"https:\/\/taxi-landeck.co.at\/de_de\/wp-json\/wp\/v2\/pages\/10613\/revisions\/10615"}],"wp:attachment":[{"href":"https:\/\/taxi-landeck.co.at\/de_de\/wp-json\/wp\/v2\/media?parent=10613"}],"curies":[{"name":"wp","href":"https:\/\/api.w.org\/{rel}","templated":true}]}}