{"id":10617,"date":"2023-11-15T13:05:19","date_gmt":"2023-11-15T12:05:19","guid":{"rendered":"https:\/\/taxi-landeck.co.at\/?page_id=10617"},"modified":"2023-11-15T13:05:19","modified_gmt":"2023-11-15T12:05:19","slug":"service-in-allen-destinationen-in-tirol","status":"publish","type":"page","link":"https:\/\/taxi-landeck.co.at\/de_de\/service-in-allen-destinationen-in-tirol\/","title":{"rendered":"Service in allen Destinationen in Tirol"},"content":{"rendered":"<div class=\"vc_row wpb_row vc_row-fluid\"><div class=\"wpb_column vc_column_container vc_col-sm-6\"><div class=\"vc_column-inner\"><div class=\"wpb_wrapper\">\n<div class=\"vc-zigzag-wrapper vc-zigzag-align-center\"><div class=\"vc-zigzag-inner\" style=\"width: 100%;min-height: 14px;background: 0 repeat-x url(&#039;data:image\/svg+xml;utf-8,%3C%3Fxml%20version%3D%221.0%22%20encoding%3D%22utf-8%22%3F%3E%3C%21DOCTYPE%20svg%20PUBLIC%20%22-%2F%2FW3C%2F%2FDTD%20SVG%201.1%2F%2FEN%22%20%22http%3A%2F%2Fwww.w3.org%2FGraphics%2FSVG%2F1.1%2FDTD%2Fsvg11.dtd%22%3E%3Csvg%20width%3D%2214px%22%20height%3D%2212px%22%20viewBox%3D%220%200%2018%2015%22%20version%3D%221.1%22%20xmlns%3D%22http%3A%2F%2Fwww.w3.org%2F2000%2Fsvg%22%20xmlns%3Axlink%3D%22http%3A%2F%2Fwww.w3.org%2F1999%2Fxlink%22%3E%3Cpolygon%20id%3D%22Combined-Shape%22%20fill%3D%22%23ebebeb%22%20points%3D%228.98762301%200%200%209.12771969%200%2014.519983%209%205.40479869%2018%2014.519983%2018%209.12771969%22%3E%3C%2Fpolygon%3E%3C%2Fsvg%3E&#039;);\"><\/div><\/div>\n\t<div class=\"wpb_text_column wpb_content_element \" >\n\t\t<div class=\"wpb_wrapper\">\n\t\t\t<h2><strong>Landeck Taxi &#8211; Expertenservice f\u00fcr alle Skigebiete, Hotels oder Patiententransfers in der Tirol Region<\/strong><\/h2>\n\n\t\t<\/div>\n\t<\/div>\n<\/div><\/div><\/div><div class=\"wpb_column vc_column_container vc_col-sm-6\"><div class=\"vc_column-inner\"><div class=\"wpb_wrapper\">\n<div class=\"vc-zigzag-wrapper vc-zigzag-align-center\"><div class=\"vc-zigzag-inner\" style=\"width: 100%;min-height: 14px;background: 0 repeat-x url(&#039;data:image\/svg+xml;utf-8,%3C%3Fxml%20version%3D%221.0%22%20encoding%3D%22utf-8%22%3F%3E%3C%21DOCTYPE%20svg%20PUBLIC%20%22-%2F%2FW3C%2F%2FDTD%20SVG%201.1%2F%2FEN%22%20%22http%3A%2F%2Fwww.w3.org%2FGraphics%2FSVG%2F1.1%2FDTD%2Fsvg11.dtd%22%3E%3Csvg%20width%3D%2214px%22%20height%3D%2212px%22%20viewBox%3D%220%200%2018%2015%22%20version%3D%221.1%22%20xmlns%3D%22http%3A%2F%2Fwww.w3.org%2F2000%2Fsvg%22%20xmlns%3Axlink%3D%22http%3A%2F%2Fwww.w3.org%2F1999%2Fxlink%22%3E%3Cpolygon%20id%3D%22Combined-Shape%22%20fill%3D%22%23ebebeb%22%20points%3D%228.98762301%200%200%209.12771969%200%2014.519983%209%205.40479869%2018%2014.519983%2018%209.12771969%22%3E%3C%2Fpolygon%3E%3C%2Fsvg%3E&#039;);\"><\/div><\/div>\n\t<div  class=\"wpb_single_image wpb_content_element vc_align_left\">\n\t\t\n\t\t<figure class=\"wpb_wrapper vc_figure\">\n\t\t\t<div class=\"vc_single_image-wrapper   vc_box_border_grey\"><img loading=\"lazy\" decoding=\"async\" width=\"150\" height=\"150\" src=\"https:\/\/taxi-landeck.co.at\/wp-content\/uploads\/2023\/11\/Taxi-Landeck-hotel-150x150.jpeg\" class=\"vc_single_image-img attachment-thumbnail\" alt=\"\" title=\"Taxi-Landeck-hotel\" srcset=\"https:\/\/taxi-landeck.co.at\/wp-content\/uploads\/2023\/11\/Taxi-Landeck-hotel-150x150.jpeg 150w, https:\/\/taxi-landeck.co.at\/wp-content\/uploads\/2023\/11\/Taxi-Landeck-hotel-90x90.jpeg 90w, https:\/\/taxi-landeck.co.at\/wp-content\/uploads\/2023\/11\/Taxi-Landeck-hotel-370x370.jpeg 370w\" sizes=\"(max-width: 150px) 100vw, 150px\" \/><\/div>\n\t\t<\/figure>\n\t<\/div>\n<\/div><\/div><\/div><\/div><div class=\"vc_row wpb_row vc_row-fluid\"><div class=\"wpb_column vc_column_container vc_col-sm-12\"><div class=\"vc_column-inner\"><div class=\"wpb_wrapper\">\n<div class=\"vc-zigzag-wrapper vc-zigzag-align-center\"><div class=\"vc-zigzag-inner\" style=\"width: 100%;min-height: 14px;background: 0 repeat-x url(&#039;data:image\/svg+xml;utf-8,%3C%3Fxml%20version%3D%221.0%22%20encoding%3D%22utf-8%22%3F%3E%3C%21DOCTYPE%20svg%20PUBLIC%20%22-%2F%2FW3C%2F%2FDTD%20SVG%201.1%2F%2FEN%22%20%22http%3A%2F%2Fwww.w3.org%2FGraphics%2FSVG%2F1.1%2FDTD%2Fsvg11.dtd%22%3E%3Csvg%20width%3D%2214px%22%20height%3D%2212px%22%20viewBox%3D%220%200%2018%2015%22%20version%3D%221.1%22%20xmlns%3D%22http%3A%2F%2Fwww.w3.org%2F2000%2Fsvg%22%20xmlns%3Axlink%3D%22http%3A%2F%2Fwww.w3.org%2F1999%2Fxlink%22%3E%3Cpolygon%20id%3D%22Combined-Shape%22%20fill%3D%22%23ebebeb%22%20points%3D%228.98762301%200%200%209.12771969%200%2014.519983%209%205.40479869%2018%2014.519983%2018%209.12771969%22%3E%3C%2Fpolygon%3E%3C%2Fsvg%3E&#039;);\"><\/div><\/div>\n<div class=\"vc-zigzag-wrapper vc-zigzag-align-center\"><div class=\"vc-zigzag-inner\" style=\"width: 100%;min-height: 14px;background: 0 repeat-x url(&#039;data:image\/svg+xml;utf-8,%3C%3Fxml%20version%3D%221.0%22%20encoding%3D%22utf-8%22%3F%3E%3C%21DOCTYPE%20svg%20PUBLIC%20%22-%2F%2FW3C%2F%2FDTD%20SVG%201.1%2F%2FEN%22%20%22http%3A%2F%2Fwww.w3.org%2FGraphics%2FSVG%2F1.1%2FDTD%2Fsvg11.dtd%22%3E%3Csvg%20width%3D%2214px%22%20height%3D%2212px%22%20viewBox%3D%220%200%2018%2015%22%20version%3D%221.1%22%20xmlns%3D%22http%3A%2F%2Fwww.w3.org%2F2000%2Fsvg%22%20xmlns%3Axlink%3D%22http%3A%2F%2Fwww.w3.org%2F1999%2Fxlink%22%3E%3Cpolygon%20id%3D%22Combined-Shape%22%20fill%3D%22%23ebebeb%22%20points%3D%228.98762301%200%200%209.12771969%200%2014.519983%209%205.40479869%2018%2014.519983%2018%209.12771969%22%3E%3C%2Fpolygon%3E%3C%2Fsvg%3E&#039;);\"><\/div><\/div><\/div><\/div><\/div><\/div><div class=\"vc_row wpb_row vc_row-fluid\"><div class=\"wpb_column vc_column_container vc_col-sm-12\"><div class=\"vc_column-inner\"><div class=\"wpb_wrapper\">\n\t<div class=\"wpb_text_column wpb_content_element \" >\n\t\t<div class=\"wpb_wrapper\">\n\t\t\t<p>Als Landeck Taxi bieten wir einen spezialisierten Taxi-Service f\u00fcr alle Skigebiete, Hotels und Patiententransfers in der Tirol Region. Wir sind hier, um Ihnen ma\u00dfgeschneiderte L\u00f6sungen anzubieten und Ihnen eine zuverl\u00e4ssige und komfortable Transporterfahrung zu erm\u00f6glichen.<\/p>\n<p><strong>Unsere Dienstleistungen:<\/strong><\/p>\n<ol>\n<li><strong>Skigebietstransfers:<\/strong> Erreichen Sie alle wichtigen Skigebiete in Tirol mit unserem komfortablen und zuverl\u00e4ssigen Transferservice. Unsere professionellen Fahrer sorgen daf\u00fcr, dass Ihr Winterurlaub ein unvergessliches Erlebnis wird.<\/li>\n<li><strong>Hoteltransferdienste:<\/strong> Nutzen Sie unseren zuverl\u00e4ssigen Transferdienst von oder zu den Hotels in der Region Landeck. Ob Gesch\u00e4ftsreise oder Urlaub, wir stehen f\u00fcr eine entspannte und komfortable Reise zur Verf\u00fcgung.<\/li>\n<li><strong>Patiententransfers:<\/strong> Unser spezialisiertes Team bietet zuverl\u00e4ssige und f\u00fcrsorgliche Dienstleistungen im Bereich Patiententransfer an. Die Bequemlichkeit und Sicherheit unserer Patienten steht dabei immer im Vordergrund.<\/li>\n<\/ol>\n<p><strong>Service in allen Destinationen in Tirol:<\/strong><\/p>\n<p>Als Landeck Taxi bieten wir nicht nur in Landeck, sondern auch in allen Destinationen in der Tirol Region unsere Expertendienste an. Ob innerst\u00e4dtisch oder f\u00fcr Langstreckenreisen, wir haben ma\u00dfgeschneiderte L\u00f6sungen f\u00fcr Ihre Transferbed\u00fcrfnisse.<\/p>\n<p><strong>Reibungsloser, Zuverl\u00e4ssiger und Fachkundiger Service:<\/strong><\/p>\n<p>F\u00fcr eine reibungslose, zuverl\u00e4ssige und fachkundige Transporterfahrung in Tirol w\u00e4hlen Sie Landeck Taxi. Treten Sie mit uns in Kontakt und finden Sie die beste L\u00f6sung f\u00fcr Ihre speziellen Transferanforderungen. Wir stehen f\u00fcr einen verl\u00e4sslichen, komfortablen und f\u00fcrsorglichen Transportdienst zur Verf\u00fcgung.<\/p>\n\n\t\t<\/div>\n\t<\/div>\n<\/div><\/div><\/div><\/div>\n","protected":false},"excerpt":{"rendered":"Landeck Taxi - Expertenservice f\u00fcr alle Skigebiete, Hotels oder Patiententransfers in der Tirol Region Als Landeck Taxi bieten wir einen spezialisierten Taxi-Service f\u00fcr alle Skigebiete, Hotels und Patiententransfers in der Tirol Region. Wir sind hier, um Ihnen ma\u00dfgeschneiderte L\u00f6sungen anzubieten und Ihnen eine zuverl\u00e4ssige und komfortable Transporterfahrung zu erm\u00f6glichen. Unsere Dienstleistungen: Skigebietstransfers: Erreichen Sie alle wichtigen Skigebiete in Tirol mit&hellip;","protected":false},"author":1,"featured_media":0,"parent":0,"menu_order":0,"comment_status":"closed","ping_status":"closed","template":"","meta":{"footnotes":""},"class_list":["post-10617","page","type-page","status-publish","hentry"],"yoast_head":"<!-- This site is optimized with the Yoast SEO Premium plugin v20.1 (Yoast SEO v23.7) - https:\/\/yoast.com\/wordpress\/plugins\/seo\/ -->\n<title>Service in allen Destinationen in Tirol - Taxi Landeck | Flughafentaxi Landeck | Airport Transfer<\/title>\n<meta name=\"robots\" content=\"index, follow, max-snippet:-1, max-image-preview:large, max-video-preview:-1\" \/>\n<link rel=\"canonical\" href=\"https:\/\/taxi-landeck.co.at\/de_de\/service-in-allen-destinationen-in-tirol\/\" \/>\n<meta property=\"og:locale\" content=\"de_DE\" \/>\n<meta property=\"og:type\" content=\"article\" \/>\n<meta property=\"og:title\" content=\"Service in allen Destinationen in Tirol\" \/>\n<meta property=\"og:url\" content=\"https:\/\/taxi-landeck.co.at\/de_de\/service-in-allen-destinationen-in-tirol\/\" \/>\n<meta property=\"og:site_name\" content=\"Taxi Landeck | Flughafentaxi Landeck | Airport Transfer\" \/>\n<meta name=\"twitter:card\" content=\"summary_large_image\" \/>\n<meta name=\"twitter:label1\" content=\"Gesch\u00e4tzte Lesezeit\" \/>\n\t<meta name=\"twitter:data1\" content=\"2\u00a0Minuten\" \/>\n<script type=\"application\/ld+json\" class=\"yoast-schema-graph\">{\"@context\":\"https:\/\/schema.org\",\"@graph\":[{\"@type\":\"WebPage\",\"@id\":\"https:\/\/taxi-landeck.co.at\/service-in-allen-destinationen-in-tirol\/\",\"url\":\"https:\/\/taxi-landeck.co.at\/service-in-allen-destinationen-in-tirol\/\",\"name\":\"Service in allen Destinationen in Tirol - Taxi Landeck | Flughafentaxi Landeck | Airport Transfer\",\"isPartOf\":{\"@id\":\"https:\/\/taxi-landeck.co.at\/en\/#website\"},\"datePublished\":\"2023-11-15T12:05:19+00:00\",\"dateModified\":\"2023-11-15T12:05:19+00:00\",\"breadcrumb\":{\"@id\":\"https:\/\/taxi-landeck.co.at\/service-in-allen-destinationen-in-tirol\/#breadcrumb\"},\"inLanguage\":\"de\",\"potentialAction\":[{\"@type\":\"ReadAction\",\"target\":[\"https:\/\/taxi-landeck.co.at\/service-in-allen-destinationen-in-tirol\/\"]}]},{\"@type\":\"BreadcrumbList\",\"@id\":\"https:\/\/taxi-landeck.co.at\/service-in-allen-destinationen-in-tirol\/#breadcrumb\",\"itemListElement\":[{\"@type\":\"ListItem\",\"position\":1,\"name\":\"Home\",\"item\":\"https:\/\/taxi-landeck.co.at\/en\/\"},{\"@type\":\"ListItem\",\"position\":2,\"name\":\"Service in allen Destinationen in Tirol\"}]},{\"@type\":\"WebSite\",\"@id\":\"https:\/\/taxi-landeck.co.at\/en\/#website\",\"url\":\"https:\/\/taxi-landeck.co.at\/en\/\",\"name\":\"Taxi Landeck | Flughafentaxi Landeck | Airport Transfer\",\"description\":\"Der Landecker Taxi\",\"publisher\":{\"@id\":\"https:\/\/taxi-landeck.co.at\/en\/#organization\"},\"potentialAction\":[{\"@type\":\"SearchAction\",\"target\":{\"@type\":\"EntryPoint\",\"urlTemplate\":\"https:\/\/taxi-landeck.co.at\/en\/?s={search_term_string}\"},\"query-input\":{\"@type\":\"PropertyValueSpecification\",\"valueRequired\":true,\"valueName\":\"search_term_string\"}}],\"inLanguage\":\"de\"},{\"@type\":[\"Organization\",\"Place\"],\"@id\":\"https:\/\/taxi-landeck.co.at\/en\/#organization\",\"name\":\"Der Landecker Taxi\",\"alternateName\":\"Taxi Landeck\",\"url\":\"https:\/\/taxi-landeck.co.at\/en\/\",\"logo\":{\"@id\":\"https:\/\/taxi-landeck.co.at\/service-in-allen-destinationen-in-tirol\/#local-main-organization-logo\"},\"image\":{\"@id\":\"https:\/\/taxi-landeck.co.at\/service-in-allen-destinationen-in-tirol\/#local-main-organization-logo\"},\"address\":{\"@id\":\"https:\/\/taxi-landeck.co.at\/service-in-allen-destinationen-in-tirol\/#local-main-place-address\"},\"geo\":{\"@type\":\"GeoCoordinates\",\"latitude\":\"47.141540\",\"longitude\":\"10.548720\"},\"telephone\":[\"+436606466500\",\"+436606466500\"],\"openingHoursSpecification\":[{\"@type\":\"OpeningHoursSpecification\",\"dayOfWeek\":[\"Monday\",\"Tuesday\",\"Wednesday\",\"Thursday\",\"Friday\",\"Saturday\",\"Sunday\"],\"opens\":\"00:00\",\"closes\":\"23:59\"}],\"email\":\"info@taxi-landeck.co.at\"},{\"@type\":\"PostalAddress\",\"@id\":\"https:\/\/taxi-landeck.co.at\/service-in-allen-destinationen-in-tirol\/#local-main-place-address\",\"streetAddress\":\"Leitenweg 5\",\"addressLocality\":\"Landeck\",\"postalCode\":\"6500\",\"addressRegion\":\"Tirol\",\"addressCountry\":\"AT\"},{\"@type\":\"ImageObject\",\"inLanguage\":\"de\",\"@id\":\"https:\/\/taxi-landeck.co.at\/service-in-allen-destinationen-in-tirol\/#local-main-organization-logo\",\"url\":\"https:\/\/taxi-landeck.co.at\/wp-content\/uploads\/2017\/11\/Derlandeckertaxi2_logoschwarz-1.png\",\"contentUrl\":\"https:\/\/taxi-landeck.co.at\/wp-content\/uploads\/2017\/11\/Derlandeckertaxi2_logoschwarz-1.png\",\"width\":600,\"height\":173,\"caption\":\"Der Landecker Taxi\"}]}<\/script>\n<meta name=\"geo.placename\" content=\"Landeck\" \/>\n<meta name=\"geo.position\" content=\"47.141540;10.548720\" \/>\n<meta name=\"geo.region\" content=\"\u00d6sterreich\" \/>\n<!-- \/ Yoast SEO Premium plugin. -->","yoast_head_json":{"title":"Service in allen Destinationen in Tirol - Taxi Landeck | Flughafentaxi Landeck | Airport Transfer","robots":{"index":"index","follow":"follow","max-snippet":"max-snippet:-1","max-image-preview":"max-image-preview:large","max-video-preview":"max-video-preview:-1"},"canonical":"https:\/\/taxi-landeck.co.at\/de_de\/service-in-allen-destinationen-in-tirol\/","og_locale":"de_DE","og_type":"article","og_title":"Service in allen Destinationen in Tirol","og_url":"https:\/\/taxi-landeck.co.at\/de_de\/service-in-allen-destinationen-in-tirol\/","og_site_name":"Taxi Landeck | Flughafentaxi Landeck | Airport Transfer","twitter_card":"summary_large_image","twitter_misc":{"Gesch\u00e4tzte Lesezeit":"2\u00a0Minuten"},"schema":{"@context":"https:\/\/schema.org","@graph":[{"@type":"WebPage","@id":"https:\/\/taxi-landeck.co.at\/service-in-allen-destinationen-in-tirol\/","url":"https:\/\/taxi-landeck.co.at\/service-in-allen-destinationen-in-tirol\/","name":"Service in allen Destinationen in Tirol - Taxi Landeck | Flughafentaxi Landeck | Airport Transfer","isPartOf":{"@id":"https:\/\/taxi-landeck.co.at\/en\/#website"},"datePublished":"2023-11-15T12:05:19+00:00","dateModified":"2023-11-15T12:05:19+00:00","breadcrumb":{"@id":"https:\/\/taxi-landeck.co.at\/service-in-allen-destinationen-in-tirol\/#breadcrumb"},"inLanguage":"de","potentialAction":[{"@type":"ReadAction","target":["https:\/\/taxi-landeck.co.at\/service-in-allen-destinationen-in-tirol\/"]}]},{"@type":"BreadcrumbList","@id":"https:\/\/taxi-landeck.co.at\/service-in-allen-destinationen-in-tirol\/#breadcrumb","itemListElement":[{"@type":"ListItem","position":1,"name":"Home","item":"https:\/\/taxi-landeck.co.at\/en\/"},{"@type":"ListItem","position":2,"name":"Service in allen Destinationen in Tirol"}]},{"@type":"WebSite","@id":"https:\/\/taxi-landeck.co.at\/en\/#website","url":"https:\/\/taxi-landeck.co.at\/en\/","name":"Taxi Landeck | Flughafentaxi Landeck | Airport Transfer","description":"Der Landecker Taxi","publisher":{"@id":"https:\/\/taxi-landeck.co.at\/en\/#organization"},"potentialAction":[{"@type":"SearchAction","target":{"@type":"EntryPoint","urlTemplate":"https:\/\/taxi-landeck.co.at\/en\/?s={search_term_string}"},"query-input":{"@type":"PropertyValueSpecification","valueRequired":true,"valueName":"search_term_string"}}],"inLanguage":"de"},{"@type":["Organization","Place"],"@id":"https:\/\/taxi-landeck.co.at\/en\/#organization","name":"Der Landecker Taxi","alternateName":"Taxi Landeck","url":"https:\/\/taxi-landeck.co.at\/en\/","logo":{"@id":"https:\/\/taxi-landeck.co.at\/service-in-allen-destinationen-in-tirol\/#local-main-organization-logo"},"image":{"@id":"https:\/\/taxi-landeck.co.at\/service-in-allen-destinationen-in-tirol\/#local-main-organization-logo"},"address":{"@id":"https:\/\/taxi-landeck.co.at\/service-in-allen-destinationen-in-tirol\/#local-main-place-address"},"geo":{"@type":"GeoCoordinates","latitude":"47.141540","longitude":"10.548720"},"telephone":["+436606466500","+436606466500"],"openingHoursSpecification":[{"@type":"OpeningHoursSpecification","dayOfWeek":["Monday","Tuesday","Wednesday","Thursday","Friday","Saturday","Sunday"],"opens":"00:00","closes":"23:59"}],"email":"info@taxi-landeck.co.at"},{"@type":"PostalAddress","@id":"https:\/\/taxi-landeck.co.at\/service-in-allen-destinationen-in-tirol\/#local-main-place-address","streetAddress":"Leitenweg 5","addressLocality":"Landeck","postalCode":"6500","addressRegion":"Tirol","addressCountry":"AT"},{"@type":"ImageObject","inLanguage":"de","@id":"https:\/\/taxi-landeck.co.at\/service-in-allen-destinationen-in-tirol\/#local-main-organization-logo","url":"https:\/\/taxi-landeck.co.at\/wp-content\/uploads\/2017\/11\/Derlandeckertaxi2_logoschwarz-1.png","contentUrl":"https:\/\/taxi-landeck.co.at\/wp-content\/uploads\/2017\/11\/Derlandeckertaxi2_logoschwarz-1.png","width":600,"height":173,"caption":"Der Landecker Taxi"}]},"geo.placename":"Landeck","geo.position":{"lat":"47.141540","long":"10.548720"},"geo.region":"\u00d6sterreich"},"_links":{"self":[{"href":"https:\/\/taxi-landeck.co.at\/de_de\/wp-json\/wp\/v2\/pages\/10617"}],"collection":[{"href":"https:\/\/taxi-landeck.co.at\/de_de\/wp-json\/wp\/v2\/pages"}],"about":[{"href":"https:\/\/taxi-landeck.co.at\/de_de\/wp-json\/wp\/v2\/types\/page"}],"author":[{"embeddable":true,"href":"https:\/\/taxi-landeck.co.at\/de_de\/wp-json\/wp\/v2\/users\/1"}],"replies":[{"embeddable":true,"href":"https:\/\/taxi-landeck.co.at\/de_de\/wp-json\/wp\/v2\/comments?post=10617"}],"version-history":[{"count":1,"href":"https:\/\/taxi-landeck.co.at\/de_de\/wp-json\/wp\/v2\/pages\/10617\/revisions"}],"predecessor-version":[{"id":10619,"href":"https:\/\/taxi-landeck.co.at\/de_de\/wp-json\/wp\/v2\/pages\/10617\/revisions\/10619"}],"wp:attachment":[{"href":"https:\/\/taxi-landeck.co.at\/de_de\/wp-json\/wp\/v2\/media?parent=10617"}],"curies":[{"name":"wp","href":"https:\/\/api.w.org\/{rel}","templated":true}]}}