{"id":60,"date":"2016-10-21T09:14:08","date_gmt":"2016-10-21T09:14:08","guid":{"rendered":"https:\/\/taxiolgi.at\/?page_id=60"},"modified":"2023-01-16T08:29:26","modified_gmt":"2023-01-16T07:29:26","slug":"kontakt","status":"publish","type":"page","link":"https:\/\/taxi-landeck.co.at\/de_de\/kontakt\/","title":{"rendered":"Kontakt"},"content":{"rendered":"<div class=\"vc_row wpb_row vc_row-fluid\"><div class=\"wpb_column vc_column_container vc_col-sm-2\"><div class=\"vc_column-inner\"><div class=\"wpb_wrapper\"><\/div><\/div><\/div><div class=\"wpb_column vc_column_container vc_col-sm-8\"><div class=\"vc_column-inner\"><div class=\"wpb_wrapper\"><div class=\"vc_empty_space  height_huge\"   style=\"height: 32px\"><span class=\"vc_empty_space_inner\"><\/span><\/div><div id=\"sc_title_381137342\"\n\t\tclass=\"sc_title sc_title_default\"><h6 class=\"sc_item_subtitle sc_title_subtitle sc_align_center sc_item_title_style_default\">Wie k\u00f6nnen wir Ihnen helfen?<\/h6><h2 class=\"sc_item_title sc_title_title sc_align_center sc_item_title_style_default\">Haben Sie Fragen?<\/h2><div class=\"sc_item_descr sc_title_descr sc_align_center\">Wenn Sie Kommentare, Vorschl\u00e4ge oder Fragen haben, z\u00f6gern Sie bitte nicht, uns zu kontaktieren. Unser hochqualifiziertes B\u00fcropersonal wird Ihnen helfen und alle Ihre Fragen beantworten.<\/div><\/div><!-- \/.sc_title --><div class=\"vc_empty_space  height_large\"   style=\"height: 32px\"><span class=\"vc_empty_space_inner\"><\/span><\/div><\/div><\/div><\/div><div class=\"wpb_column vc_column_container vc_col-sm-2\"><div class=\"vc_column-inner\"><div class=\"wpb_wrapper\"><\/div><\/div><\/div><\/div><div class=\"vc_row wpb_row vc_row-fluid\"><div class=\"wpb_column vc_column_container vc_col-sm-12\"><div class=\"vc_column-inner\"><div class=\"wpb_wrapper\"><div\n     id=\"sc_form_1604961771\"    class=\"sc_form sc_form_modern sc_align_default\"\n        >\n\n    <form class=\"sc_form_form \" method=\"post\" action=\"https:\/\/taxi-landeck.co.at\/wp-admin\/admin-ajax.php\">\n        <div class=\"sc_form_info\">\n            <div class=\"content_wrap\">\n                <div class=\"trx_addons_columns_wrap columns_padding_bottom\"><div class=\"trx_addons_column-1_3\">\n                        <div class=\"sc_form_info_item sc_form_info_item_address\">\n                            <span class=\"sc_form_info_icon icon-map\"><\/span>\n                            <h6 class=\"sc_form_info_title\">Our address<\/h6>\n\t\t\t\t\t\t\t<span class=\"sc_form_info_data\"><span>Leitenweg 5, 6500 Landeck<\/span><\/span>\n                        <\/div>\n                        <\/div><div class=\"trx_addons_column-1_3\">\n                        <div class=\"sc_form_info_item sc_form_info_item_phone\">\n                            <span class=\"sc_form_info_icon icon-phone-3\"><\/span>\n                            <h6 class=\"sc_form_info_title\">Our Phones<\/h6>\n\t\t\t\t\t\t\t<span class=\"sc_form_info_data\"><span><a href=\"tel:(+43) 6606466500\">(+43) 6606466500<\/a><\/span><\/span>\n                        <\/div>\n                        <\/div><div class=\"trx_addons_column-1_3\">\n                        <div class=\"sc_form_info_item sc_form_info_item_email\">\n                            <span class=\"sc_form_info_icon icon-e-mail\"><\/span>\n                            <h6 class=\"sc_form_info_title\">Our mail<\/h6>\n\t\t\t\t\t\t\t<span class=\"sc_form_info_data\"><a href=\"mailto:info&#64;&#116;a&#120;&#105;o&#108;&#103;&#105;.&#97;&#116;\">inf&#111;&#64;tax&#105;&#111;lg&#105;.a&#116;<\/a><\/span>\n                        <\/div>\n                        <\/div><\/div>\n            <\/div>\n        <\/div><!-- \/.sc_form_info -->\n\n            <\/form>\n\n<\/div><!-- \/.sc_form -->\n<\/div><\/div><\/div><\/div><div data-vc-full-width=\"true\" data-vc-full-width-init=\"false\" class=\"vc_row wpb_row vc_row-fluid vc_custom_1477994294013 vc_row-has-fill\"><div class=\"wpb_column vc_column_container vc_col-sm-12\"><div class=\"vc_column-inner\"><div class=\"wpb_wrapper\"><div class=\"vc_empty_space  height_large\"   style=\"height: 32px\"><span class=\"vc_empty_space_inner\"><\/span><\/div>\n<div class=\"wpcf7 no-js\" id=\"wpcf7-f357-o1\" lang=\"en-US\" dir=\"ltr\" data-wpcf7-id=\"357\">\n<div class=\"screen-reader-response\"><p role=\"status\" aria-live=\"polite\" aria-atomic=\"true\"><\/p> <ul><\/ul><\/div>\n<form action=\"\/de_de\/wp-json\/wp\/v2\/pages\/60#wpcf7-f357-o1\" method=\"post\" class=\"wpcf7-form init\" aria-label=\"Contact form\" novalidate=\"novalidate\" data-status=\"init\">\n<div style=\"display: none;\">\n<input type=\"hidden\" name=\"_wpcf7\" value=\"357\" \/>\n<input type=\"hidden\" name=\"_wpcf7_version\" value=\"6.0.6\" \/>\n<input type=\"hidden\" name=\"_wpcf7_locale\" value=\"en_US\" \/>\n<input type=\"hidden\" name=\"_wpcf7_unit_tag\" value=\"wpcf7-f357-o1\" \/>\n<input type=\"hidden\" name=\"_wpcf7_container_post\" value=\"0\" \/>\n<input type=\"hidden\" name=\"_wpcf7_posted_data_hash\" value=\"\" \/>\n<\/div>\n<div class=\"columns_wrap\">\n\t<div class=\"column-1_3\">\n\t\t<p><span class=\"wpcf7-form-control-wrap\" data-name=\"your-name\"><input size=\"40\" maxlength=\"400\" class=\"wpcf7-form-control wpcf7-text wpcf7-validates-as-required\" aria-required=\"true\" aria-invalid=\"false\" placeholder=\"Name\" value=\"\" type=\"text\" name=\"your-name\" \/><\/span><span class=\"wpcf7-form-control-wrap\" data-name=\"your-phone\"><input size=\"40\" maxlength=\"400\" class=\"wpcf7-form-control wpcf7-tel wpcf7-validates-as-required wpcf7-text wpcf7-validates-as-tel\" aria-required=\"true\" aria-invalid=\"false\" placeholder=\"Telefon nummer\" value=\"\" type=\"tel\" name=\"your-phone\" \/><\/span>\n\t\t<\/p>\n\t<\/div>\n\t<div class=\"column-1_3\">\n\t\t<p><span class=\"wpcf7-form-control-wrap\" data-name=\"your-email\"><input size=\"40\" maxlength=\"400\" class=\"wpcf7-form-control wpcf7-email wpcf7-validates-as-required wpcf7-text wpcf7-validates-as-email\" aria-required=\"true\" aria-invalid=\"false\" placeholder=\"E-mail\" value=\"\" type=\"email\" name=\"your-email\" \/><\/span><span class=\"wpcf7-form-control-wrap\" data-name=\"your-city\"><input size=\"40\" maxlength=\"400\" class=\"wpcf7-form-control wpcf7-text wpcf7-validates-as-required\" aria-required=\"true\" aria-invalid=\"false\" placeholder=\"deine Stadt\" value=\"\" type=\"text\" name=\"your-city\" \/><\/span>\n\t\t<\/p>\n\t<\/div>\n\t<div class=\"column-1_3\">\n\t\t<p><span class=\"wpcf7-form-control-wrap\" data-name=\"your-message\"><textarea cols=\"40\" rows=\"10\" maxlength=\"2000\" class=\"wpcf7-form-control wpcf7-textarea wpcf7-validates-as-required\" aria-required=\"true\" aria-invalid=\"false\" placeholder=\"Ihre Frage\" name=\"your-message\"><\/textarea><\/span>\n\t\t<\/p>\n\t<\/div>\n<\/div>\n<div class=\"contact-form-acceptance aligncenter\">\n\t<p><span class=\"wpcf7-form-control-wrap\" data-name=\"acceptance-80\"><span class=\"wpcf7-form-control wpcf7-acceptance\"><span class=\"wpcf7-list-item\"><label><input type=\"checkbox\" name=\"acceptance-80\" value=\"1\" aria-invalid=\"false\" \/><span class=\"wpcf7-list-item-label\">Datenschutz Ich habe gelesen Ich akzeptiere <a href=\"https:\/\/taxi-landeck.co.at\/datenschutzerklarung\/\" target=\"_blank\">Datenschutzerkl\u00e4rung<\/a><\/span><\/label><\/span><\/span><\/span>\n\t<\/p>\n<\/div>\n<div class=\"form-button\">\n\t<p><input class=\"wpcf7-form-control wpcf7-submit has-spinner\" type=\"submit\" value=\"Senden\" \/>\n\t<\/p>\n<\/div><p style=\"display: none !important;\" class=\"akismet-fields-container\" data-prefix=\"_wpcf7_ak_\"><label>&#916;<textarea name=\"_wpcf7_ak_hp_textarea\" cols=\"45\" rows=\"8\" maxlength=\"100\"><\/textarea><\/label><input type=\"hidden\" id=\"ak_js_1\" name=\"_wpcf7_ak_js\" value=\"243\"\/><script>document.getElementById( \"ak_js_1\" ).setAttribute( \"value\", ( new Date() ).getTime() );<\/script><\/p><div class=\"wpcf7-response-output\" aria-hidden=\"true\"><\/div>\n<\/form>\n<\/div>\n<div class=\"vc_empty_space  height_large\"   style=\"height: 32px\"><span class=\"vc_empty_space_inner\"><\/span><\/div><\/div><\/div><\/div><\/div><div class=\"vc_row-full-width vc_clearfix\"><\/div>\n","protected":false},"excerpt":{"rendered":"Wie k\u00f6nnen wir Ihnen helfen?Haben Sie Fragen?Wenn Sie Kommentare, Vorschl\u00e4ge oder Fragen haben, z\u00f6gern Sie bitte nicht, uns zu kontaktieren. Unser hochqualifiziertes B\u00fcropersonal wird Ihnen helfen und alle Ihre Fragen beantworten. Our address Leitenweg 5, 6500 Landeck Our Phones (+43) 6606466500 Our mail i&#110;&#102;&#111;&#64;ta&#120;&#105;o&#108;&#103;i&#46;a&#116; Datenschutz Ich habe gelesen Ich akzeptiere Datenschutzerkl\u00e4rung &#916;","protected":false},"author":1,"featured_media":0,"parent":0,"menu_order":0,"comment_status":"closed","ping_status":"closed","template":"","meta":{"footnotes":""},"class_list":["post-60","page","type-page","status-publish","hentry"],"yoast_head":"<!-- This site is optimized with the Yoast SEO Premium plugin v20.1 (Yoast SEO v23.7) - https:\/\/yoast.com\/wordpress\/plugins\/seo\/ -->\n<title>Kontakt - Taxi Landeck | Flughafentaxi Landeck | Airport Transfer<\/title>\n<meta name=\"robots\" content=\"index, follow, max-snippet:-1, max-image-preview:large, max-video-preview:-1\" \/>\n<link rel=\"canonical\" href=\"https:\/\/taxi-landeck.co.at\/de_de\/kontakt\/\" \/>\n<meta property=\"og:locale\" content=\"de_DE\" \/>\n<meta property=\"og:type\" content=\"article\" \/>\n<meta property=\"og:title\" content=\"Kontakt\" \/>\n<meta property=\"og:url\" content=\"https:\/\/taxi-landeck.co.at\/de_de\/kontakt\/\" \/>\n<meta property=\"og:site_name\" content=\"Taxi Landeck | Flughafentaxi Landeck | Airport Transfer\" \/>\n<meta property=\"article:modified_time\" content=\"2023-01-16T07:29:26+00:00\" \/>\n<meta name=\"twitter:card\" content=\"summary_large_image\" \/>\n<meta name=\"twitter:label1\" content=\"Gesch\u00e4tzte Lesezeit\" \/>\n\t<meta name=\"twitter:data1\" content=\"1\u00a0Minute\" \/>\n<script type=\"application\/ld+json\" class=\"yoast-schema-graph\">{\"@context\":\"https:\/\/schema.org\",\"@graph\":[{\"@type\":\"WebPage\",\"@id\":\"https:\/\/taxi-landeck.co.at\/kontakt\/\",\"url\":\"https:\/\/taxi-landeck.co.at\/kontakt\/\",\"name\":\"Kontakt - Taxi Landeck | Flughafentaxi Landeck | Airport Transfer\",\"isPartOf\":{\"@id\":\"https:\/\/taxi-landeck.co.at\/en\/#website\"},\"datePublished\":\"2016-10-21T09:14:08+00:00\",\"dateModified\":\"2023-01-16T07:29:26+00:00\",\"breadcrumb\":{\"@id\":\"https:\/\/taxi-landeck.co.at\/kontakt\/#breadcrumb\"},\"inLanguage\":\"de\",\"potentialAction\":[{\"@type\":\"ReadAction\",\"target\":[\"https:\/\/taxi-landeck.co.at\/kontakt\/\"]}]},{\"@type\":\"BreadcrumbList\",\"@id\":\"https:\/\/taxi-landeck.co.at\/kontakt\/#breadcrumb\",\"itemListElement\":[{\"@type\":\"ListItem\",\"position\":1,\"name\":\"Home\",\"item\":\"https:\/\/taxi-landeck.co.at\/en\/\"},{\"@type\":\"ListItem\",\"position\":2,\"name\":\"Kontakt\"}]},{\"@type\":\"WebSite\",\"@id\":\"https:\/\/taxi-landeck.co.at\/en\/#website\",\"url\":\"https:\/\/taxi-landeck.co.at\/en\/\",\"name\":\"Taxi Landeck | Flughafentaxi Landeck | Airport Transfer\",\"description\":\"Der Landecker Taxi\",\"publisher\":{\"@id\":\"https:\/\/taxi-landeck.co.at\/en\/#organization\"},\"potentialAction\":[{\"@type\":\"SearchAction\",\"target\":{\"@type\":\"EntryPoint\",\"urlTemplate\":\"https:\/\/taxi-landeck.co.at\/en\/?s={search_term_string}\"},\"query-input\":{\"@type\":\"PropertyValueSpecification\",\"valueRequired\":true,\"valueName\":\"search_term_string\"}}],\"inLanguage\":\"de\"},{\"@type\":[\"Organization\",\"Place\"],\"@id\":\"https:\/\/taxi-landeck.co.at\/en\/#organization\",\"name\":\"Der Landecker Taxi\",\"alternateName\":\"Taxi Landeck\",\"url\":\"https:\/\/taxi-landeck.co.at\/en\/\",\"logo\":{\"@id\":\"https:\/\/taxi-landeck.co.at\/kontakt\/#local-main-organization-logo\"},\"image\":{\"@id\":\"https:\/\/taxi-landeck.co.at\/kontakt\/#local-main-organization-logo\"},\"address\":{\"@id\":\"https:\/\/taxi-landeck.co.at\/kontakt\/#local-main-place-address\"},\"geo\":{\"@type\":\"GeoCoordinates\",\"latitude\":\"47.141540\",\"longitude\":\"10.548720\"},\"telephone\":[\"+436606466500\",\"+436606466500\"],\"openingHoursSpecification\":[{\"@type\":\"OpeningHoursSpecification\",\"dayOfWeek\":[\"Monday\",\"Tuesday\",\"Wednesday\",\"Thursday\",\"Friday\",\"Saturday\",\"Sunday\"],\"opens\":\"00:00\",\"closes\":\"23:59\"}],\"email\":\"info@taxi-landeck.co.at\"},{\"@type\":\"PostalAddress\",\"@id\":\"https:\/\/taxi-landeck.co.at\/kontakt\/#local-main-place-address\",\"streetAddress\":\"Leitenweg 5\",\"addressLocality\":\"Landeck\",\"postalCode\":\"6500\",\"addressRegion\":\"Tirol\",\"addressCountry\":\"AT\"},{\"@type\":\"ImageObject\",\"inLanguage\":\"de\",\"@id\":\"https:\/\/taxi-landeck.co.at\/kontakt\/#local-main-organization-logo\",\"url\":\"https:\/\/taxi-landeck.co.at\/wp-content\/uploads\/2017\/11\/Derlandeckertaxi2_logoschwarz-1.png\",\"contentUrl\":\"https:\/\/taxi-landeck.co.at\/wp-content\/uploads\/2017\/11\/Derlandeckertaxi2_logoschwarz-1.png\",\"width\":600,\"height\":173,\"caption\":\"Der Landecker Taxi\"}]}<\/script>\n<meta name=\"geo.placename\" content=\"Landeck\" \/>\n<meta name=\"geo.position\" content=\"47.141540;10.548720\" \/>\n<meta name=\"geo.region\" content=\"\u00d6sterreich\" \/>\n<!-- \/ Yoast SEO Premium plugin. -->","yoast_head_json":{"title":"Kontakt - Taxi Landeck | Flughafentaxi Landeck | Airport Transfer","robots":{"index":"index","follow":"follow","max-snippet":"max-snippet:-1","max-image-preview":"max-image-preview:large","max-video-preview":"max-video-preview:-1"},"canonical":"https:\/\/taxi-landeck.co.at\/de_de\/kontakt\/","og_locale":"de_DE","og_type":"article","og_title":"Kontakt","og_url":"https:\/\/taxi-landeck.co.at\/de_de\/kontakt\/","og_site_name":"Taxi Landeck | Flughafentaxi Landeck | Airport Transfer","article_modified_time":"2023-01-16T07:29:26+00:00","twitter_card":"summary_large_image","twitter_misc":{"Gesch\u00e4tzte Lesezeit":"1\u00a0Minute"},"schema":{"@context":"https:\/\/schema.org","@graph":[{"@type":"WebPage","@id":"https:\/\/taxi-landeck.co.at\/kontakt\/","url":"https:\/\/taxi-landeck.co.at\/kontakt\/","name":"Kontakt - Taxi Landeck | Flughafentaxi Landeck | Airport Transfer","isPartOf":{"@id":"https:\/\/taxi-landeck.co.at\/en\/#website"},"datePublished":"2016-10-21T09:14:08+00:00","dateModified":"2023-01-16T07:29:26+00:00","breadcrumb":{"@id":"https:\/\/taxi-landeck.co.at\/kontakt\/#breadcrumb"},"inLanguage":"de","potentialAction":[{"@type":"ReadAction","target":["https:\/\/taxi-landeck.co.at\/kontakt\/"]}]},{"@type":"BreadcrumbList","@id":"https:\/\/taxi-landeck.co.at\/kontakt\/#breadcrumb","itemListElement":[{"@type":"ListItem","position":1,"name":"Home","item":"https:\/\/taxi-landeck.co.at\/en\/"},{"@type":"ListItem","position":2,"name":"Kontakt"}]},{"@type":"WebSite","@id":"https:\/\/taxi-landeck.co.at\/en\/#website","url":"https:\/\/taxi-landeck.co.at\/en\/","name":"Taxi Landeck | Flughafentaxi Landeck | Airport Transfer","description":"Der Landecker Taxi","publisher":{"@id":"https:\/\/taxi-landeck.co.at\/en\/#organization"},"potentialAction":[{"@type":"SearchAction","target":{"@type":"EntryPoint","urlTemplate":"https:\/\/taxi-landeck.co.at\/en\/?s={search_term_string}"},"query-input":{"@type":"PropertyValueSpecification","valueRequired":true,"valueName":"search_term_string"}}],"inLanguage":"de"},{"@type":["Organization","Place"],"@id":"https:\/\/taxi-landeck.co.at\/en\/#organization","name":"Der Landecker Taxi","alternateName":"Taxi Landeck","url":"https:\/\/taxi-landeck.co.at\/en\/","logo":{"@id":"https:\/\/taxi-landeck.co.at\/kontakt\/#local-main-organization-logo"},"image":{"@id":"https:\/\/taxi-landeck.co.at\/kontakt\/#local-main-organization-logo"},"address":{"@id":"https:\/\/taxi-landeck.co.at\/kontakt\/#local-main-place-address"},"geo":{"@type":"GeoCoordinates","latitude":"47.141540","longitude":"10.548720"},"telephone":["+436606466500","+436606466500"],"openingHoursSpecification":[{"@type":"OpeningHoursSpecification","dayOfWeek":["Monday","Tuesday","Wednesday","Thursday","Friday","Saturday","Sunday"],"opens":"00:00","closes":"23:59"}],"email":"info@taxi-landeck.co.at"},{"@type":"PostalAddress","@id":"https:\/\/taxi-landeck.co.at\/kontakt\/#local-main-place-address","streetAddress":"Leitenweg 5","addressLocality":"Landeck","postalCode":"6500","addressRegion":"Tirol","addressCountry":"AT"},{"@type":"ImageObject","inLanguage":"de","@id":"https:\/\/taxi-landeck.co.at\/kontakt\/#local-main-organization-logo","url":"https:\/\/taxi-landeck.co.at\/wp-content\/uploads\/2017\/11\/Derlandeckertaxi2_logoschwarz-1.png","contentUrl":"https:\/\/taxi-landeck.co.at\/wp-content\/uploads\/2017\/11\/Derlandeckertaxi2_logoschwarz-1.png","width":600,"height":173,"caption":"Der Landecker Taxi"}]},"geo.placename":"Landeck","geo.position":{"lat":"47.141540","long":"10.548720"},"geo.region":"\u00d6sterreich"},"_links":{"self":[{"href":"https:\/\/taxi-landeck.co.at\/de_de\/wp-json\/wp\/v2\/pages\/60"}],"collection":[{"href":"https:\/\/taxi-landeck.co.at\/de_de\/wp-json\/wp\/v2\/pages"}],"about":[{"href":"https:\/\/taxi-landeck.co.at\/de_de\/wp-json\/wp\/v2\/types\/page"}],"author":[{"embeddable":true,"href":"https:\/\/taxi-landeck.co.at\/de_de\/wp-json\/wp\/v2\/users\/1"}],"replies":[{"embeddable":true,"href":"https:\/\/taxi-landeck.co.at\/de_de\/wp-json\/wp\/v2\/comments?post=60"}],"version-history":[{"count":3,"href":"https:\/\/taxi-landeck.co.at\/de_de\/wp-json\/wp\/v2\/pages\/60\/revisions"}],"predecessor-version":[{"id":10430,"href":"https:\/\/taxi-landeck.co.at\/de_de\/wp-json\/wp\/v2\/pages\/60\/revisions\/10430"}],"wp:attachment":[{"href":"https:\/\/taxi-landeck.co.at\/de_de\/wp-json\/wp\/v2\/media?parent=60"}],"curies":[{"name":"wp","href":"https:\/\/api.w.org\/{rel}","templated":true}]}}