{"id":10603,"date":"2023-11-15T12:44:30","date_gmt":"2023-11-15T11:44:30","guid":{"rendered":"https:\/\/taxi-landeck.co.at\/?page_id=10603"},"modified":"2023-11-15T12:44:30","modified_gmt":"2023-11-15T11:44:30","slug":"taxi-landeck-flughafen-transfer","status":"publish","type":"page","link":"https:\/\/taxi-landeck.co.at\/en\/taxi-landeck-flughafen-transfer\/","title":{"rendered":"Taxi Landeck Flughafen Transfer"},"content":{"rendered":"<div class=\"vc_row wpb_row vc_row-fluid\"><div class=\"wpb_column vc_column_container vc_col-sm-6\"><div class=\"vc_column-inner\"><div class=\"wpb_wrapper\">\n<div class=\"vc-zigzag-wrapper vc-zigzag-align-center\"><div class=\"vc-zigzag-inner\" style=\"width: 100%;min-height: 14px;background: 0 repeat-x url(&#039;data:image\/svg+xml;utf-8,%3C%3Fxml%20version%3D%221.0%22%20encoding%3D%22utf-8%22%3F%3E%3C%21DOCTYPE%20svg%20PUBLIC%20%22-%2F%2FW3C%2F%2FDTD%20SVG%201.1%2F%2FEN%22%20%22http%3A%2F%2Fwww.w3.org%2FGraphics%2FSVG%2F1.1%2FDTD%2Fsvg11.dtd%22%3E%3Csvg%20width%3D%2214px%22%20height%3D%2212px%22%20viewBox%3D%220%200%2018%2015%22%20version%3D%221.1%22%20xmlns%3D%22http%3A%2F%2Fwww.w3.org%2F2000%2Fsvg%22%20xmlns%3Axlink%3D%22http%3A%2F%2Fwww.w3.org%2F1999%2Fxlink%22%3E%3Cpolygon%20id%3D%22Combined-Shape%22%20fill%3D%22%23ebebeb%22%20points%3D%228.98762301%200%200%209.12771969%200%2014.519983%209%205.40479869%2018%2014.519983%2018%209.12771969%22%3E%3C%2Fpolygon%3E%3C%2Fsvg%3E&#039;);\"><\/div><\/div>\n\t<div class=\"wpb_text_column wpb_content_element\" >\n\t\t<div class=\"wpb_wrapper\">\n\t\t\t<h3><strong> Bequemer und Sicherer Taxi-Service von Landeck zu Allen Flugh\u00e4fen<\/strong><\/h3>\n\n\t\t<\/div>\n\t<\/div>\n<\/div><\/div><\/div><div class=\"wpb_column vc_column_container vc_col-sm-6\"><div class=\"vc_column-inner\"><div class=\"wpb_wrapper\">\n<div class=\"vc-zigzag-wrapper vc-zigzag-align-center\"><div class=\"vc-zigzag-inner\" style=\"width: 100%;min-height: 14px;background: 0 repeat-x url(&#039;data:image\/svg+xml;utf-8,%3C%3Fxml%20version%3D%221.0%22%20encoding%3D%22utf-8%22%3F%3E%3C%21DOCTYPE%20svg%20PUBLIC%20%22-%2F%2FW3C%2F%2FDTD%20SVG%201.1%2F%2FEN%22%20%22http%3A%2F%2Fwww.w3.org%2FGraphics%2FSVG%2F1.1%2FDTD%2Fsvg11.dtd%22%3E%3Csvg%20width%3D%2214px%22%20height%3D%2212px%22%20viewBox%3D%220%200%2018%2015%22%20version%3D%221.1%22%20xmlns%3D%22http%3A%2F%2Fwww.w3.org%2F2000%2Fsvg%22%20xmlns%3Axlink%3D%22http%3A%2F%2Fwww.w3.org%2F1999%2Fxlink%22%3E%3Cpolygon%20id%3D%22Combined-Shape%22%20fill%3D%22%23ebebeb%22%20points%3D%228.98762301%200%200%209.12771969%200%2014.519983%209%205.40479869%2018%2014.519983%2018%209.12771969%22%3E%3C%2Fpolygon%3E%3C%2Fsvg%3E&#039;);\"><\/div><\/div>\n\t<div  class=\"wpb_single_image wpb_content_element vc_align_left\">\n\t\t\n\t\t<figure class=\"wpb_wrapper vc_figure\">\n\t\t\t<div class=\"vc_single_image-wrapper   vc_box_border_grey\"><img loading=\"lazy\" decoding=\"async\" class=\"vc_single_image-img\" src=\"https:\/\/taxi-landeck.co.at\/wp-content\/uploads\/2023\/11\/Taxi-Landeck-Flughafen-300x300.jpeg\" width=\"300\" height=\"300\" alt=\"Taxi-Landeck-Flughafen\" title=\"Taxi-Landeck-Flughafen\" \/><\/div><figcaption class=\"vc_figure-caption\">Taxi-Landeck-Flughafen<\/figcaption>\n\t\t<\/figure>\n\t<\/div>\n<\/div><\/div><\/div><\/div><div class=\"vc_row wpb_row vc_row-fluid\"><div class=\"wpb_column vc_column_container vc_col-sm-12\"><div class=\"vc_column-inner\"><div class=\"wpb_wrapper\">\n\t<div class=\"wpb_text_column wpb_content_element\" >\n\t\t<div class=\"wpb_wrapper\">\n\t\t\t<div class=\"flex-1 overflow-hidden\">\n<div class=\"react-scroll-to-bottom--css-klvwj-79elbk h-full\">\n<div class=\"react-scroll-to-bottom--css-klvwj-1n7m0yu targeted-reply-thread-scroller relative\">\n<div class=\"flex flex-col text-sm gizmo:pb-9 dark:bg-gray-800 gizmo:dark:bg-transparent\">\n<div class=\"w-full text-token-text-primary border-b border-black\/10 gizmo:border-0 dark:border-gray-900\/50 gizmo:dark:border-0 bg-gray-50 gizmo:bg-transparent dark:bg-&#091;#444654&#093; gizmo:dark:bg-transparent\" data-testid=\"conversation-turn-13\">\n<div class=\"p-4 gizmo:py-2 justify-center text-base md:gap-6 md:py-6 m-auto\">\n<div class=\"flex flex-1 gap-4 text-base mx-auto md:gap-6 gizmo:gap-3 gizmo:md:px-5 gizmo:lg:px-1 gizmo:xl:px-5 md:max-w-2xl lg:max-w-&#091;38rem&#093; gizmo:md:max-w-3xl gizmo:lg:max-w-&#091;40rem&#093; gizmo:xl:max-w-&#091;48rem&#093; xl:max-w-3xl } group final-completion\">\n<div class=\"relative flex w-&#091;calc(100%-50px)&#093; flex-col gizmo:w-full lg:w-&#091;calc(100%-115px)&#093; agent-turn\">\n<div class=\"flex-col gap-1 md:gap-3\">\n<div class=\"flex flex-grow flex-col max-w-full gap-3 gizmo:gap-0\">\n<div class=\"min-h-&#091;20px&#093; text-message peer flex flex-col items-start gap-3 whitespace-pre-wrap break-words peer-&#091;.text-message&#093;:mt-5 overflow-x-auto\" data-message-author-role=\"assistant\" data-message-id=\"04cc52bb-b693-460a-a51f-bafda3ba09b6\">\n<div class=\"markdown prose w-full break-words dark:prose-invert dark\">\n<p>Reisen, insbesondere die Anreise zu Flugh\u00e4fen, sollte immer p\u00fcnktlich und reibungslos verlaufen. Landeck Taxi steht Ihnen immer zur Verf\u00fcgung, um schnell und sicher zu allen Flugh\u00e4fen in der Region zu gelangen!<\/p>\n<p><strong>Unser Taxi-Service:<\/strong><\/p>\n<p>Landeck Taxi sticht mit erfahrenen Fahrern hervor, die darauf abzielen, den Kunden eine komfortable und sichere Reiseerfahrung zu bieten. Mit unseren modernen Fahrzeugen und erfahrenen Mitarbeitern wird Ihr Flughafentransfer zu einem angenehmen Erlebnis.<\/p>\n<p><strong>Warum Sie Uns W\u00e4hlen Sollten:<\/strong><\/p>\n<ol>\n<li><em>Flexible Dienstleistungen:<\/em> Wir bieten einen flexiblen Taxidienst, den Sie zu jeder Tageszeit erreichen k\u00f6nnen. Von den fr\u00fchen Morgenstunden bis sp\u00e4t in die Nacht sind wir immer bereit, Ihren Anruf entgegenzunehmen.<\/li>\n<li><em>Komfortable Fahrzeuge:<\/em> Unsere komfortablen und gut gewarteten Fahrzeuge sollen Ihre Reise so angenehm wie m\u00f6glich gestalten.<\/li>\n<li><em>Zuverl\u00e4ssigkeit:<\/em> Landeck Taxi legt gro\u00dfen Wert auf Kundenzufriedenheit und bietet zuverl\u00e4ssigen und p\u00fcnktlichen Service.<\/li>\n<li><em>Erschwingliche Preise:<\/em> Wir f\u00fchren Flughafentransfers zu erschwinglichen Preisen durch und bieten eine transparente Preispolitik, um Ihnen finanzielle Sicherheit zu geben.<\/li>\n<\/ol>\n<p><strong>F\u00fcr Sie Einfache Reservierung:<\/strong><\/p>\n<p>Landeck Taxi hat unsere Website benutzerfreundlich gestaltet, damit Sie uns und unsere Dienstleistungen leicht im Internet finden und einfach Buchungen vornehmen k\u00f6nnen. Besuchen Sie unsere Website f\u00fcr weitere Informationen zu unserem Flughafentransfer von Landeck zu allen Flugh\u00e4fen und um Reservierungen vorzunehmen.<\/p>\n<p>W\u00e4hlen Sie Landeck Taxi f\u00fcr eine reibungslose Reise. Kontaktieren Sie uns f\u00fcr zuverl\u00e4ssige, komfortable und kosteng\u00fcnstige Taxidienste oder verwenden Sie das Anfrageformular auf unserer Website, um Preise zu erhalten! Taxi Landeck Flughafen Transfer<\/p>\n<\/div>\n<\/div>\n<\/div>\n<\/div>\n<\/div>\n<\/div>\n<\/div>\n<\/div>\n<\/div>\n<\/div>\n<\/div>\n<\/div>\n\n\t\t<\/div>\n\t<\/div>\n\n<div class=\"vc-zigzag-wrapper vc-zigzag-align-center\"><div class=\"vc-zigzag-inner\" style=\"width: 100%;min-height: 14px;background: 0 repeat-x url(&#039;data:image\/svg+xml;utf-8,%3C%3Fxml%20version%3D%221.0%22%20encoding%3D%22utf-8%22%3F%3E%3C%21DOCTYPE%20svg%20PUBLIC%20%22-%2F%2FW3C%2F%2FDTD%20SVG%201.1%2F%2FEN%22%20%22http%3A%2F%2Fwww.w3.org%2FGraphics%2FSVG%2F1.1%2FDTD%2Fsvg11.dtd%22%3E%3Csvg%20width%3D%2214px%22%20height%3D%2212px%22%20viewBox%3D%220%200%2018%2015%22%20version%3D%221.1%22%20xmlns%3D%22http%3A%2F%2Fwww.w3.org%2F2000%2Fsvg%22%20xmlns%3Axlink%3D%22http%3A%2F%2Fwww.w3.org%2F1999%2Fxlink%22%3E%3Cpolygon%20id%3D%22Combined-Shape%22%20fill%3D%22%23ebebeb%22%20points%3D%228.98762301%200%200%209.12771969%200%2014.519983%209%205.40479869%2018%2014.519983%2018%209.12771969%22%3E%3C%2Fpolygon%3E%3C%2Fsvg%3E&#039;);\"><\/div><\/div><\/div><\/div><\/div><\/div><div class=\"vc_row wpb_row vc_row-fluid\"><div class=\"wpb_column vc_column_container vc_col-sm-12\"><div class=\"vc_column-inner\"><div class=\"wpb_wrapper\">\n\t<div class=\"wpb_text_column wpb_content_element\" >\n\t\t<div class=\"wpb_wrapper\">\n\t\t\t<p><strong>Reise bedeutet, den Moment zu genie\u00dfen und eine zuverl\u00e4ssige Transportm\u00f6glichkeit zu haben. In der Region Landeck sind wir, Landeck Taxi, rund um die Uhr f\u00fcr Sie da, damit Sie jederzeit sicher zu den Flugh\u00e4fen gelangen k\u00f6nnen. W\u00e4hlen Sie Landeck Taxi f\u00fcr eine reibungslose und sichere Reise. Treten Sie mit uns in Kontakt und machen Sie Ihre Reservierung jederzeit. Entscheiden Sie sich f\u00fcr einen sicheren, komfortablen und p\u00fcnktlichen Taxiservice! Taxi Landeck Flughafen Transfer<\/strong><\/p>\n\n\t\t<\/div>\n\t<\/div>\n<\/div><\/div><\/div><\/div>","protected":false},"excerpt":{"rendered":"Bequemer und Sicherer Taxi-Service von Landeck zu Allen Flugh\u00e4fen Taxi-Landeck-Flughafen Reisen, insbesondere die Anreise zu Flugh\u00e4fen, sollte immer p\u00fcnktlich und reibungslos verlaufen. Landeck Taxi steht Ihnen immer zur Verf\u00fcgung, um schnell und sicher zu allen Flugh\u00e4fen in der Region zu gelangen! Unser Taxi-Service: Landeck Taxi sticht mit erfahrenen Fahrern hervor, die darauf abzielen, den Kunden eine komfortable und sichere Reiseerfahrung&hellip;","protected":false},"author":1,"featured_media":0,"parent":0,"menu_order":0,"comment_status":"closed","ping_status":"closed","template":"","meta":{"footnotes":""},"class_list":["post-10603","page","type-page","status-publish","hentry"],"yoast_head":"<!-- This site is optimized with the Yoast SEO Premium plugin v20.1 (Yoast SEO v23.7) - https:\/\/yoast.com\/wordpress\/plugins\/seo\/ -->\n<title>Taxi Landeck Flughafen Transfer - Taxi Landeck | Flughafentaxi Landeck | Airport Transfer<\/title>\n<meta name=\"robots\" content=\"index, follow, max-snippet:-1, max-image-preview:large, max-video-preview:-1\" \/>\n<link rel=\"canonical\" href=\"https:\/\/taxi-landeck.co.at\/en\/taxi-landeck-flughafen-transfer\/\" \/>\n<meta property=\"og:locale\" content=\"en_US\" \/>\n<meta property=\"og:type\" content=\"article\" \/>\n<meta property=\"og:title\" content=\"Taxi Landeck Flughafen Transfer\" \/>\n<meta property=\"og:url\" content=\"https:\/\/taxi-landeck.co.at\/en\/taxi-landeck-flughafen-transfer\/\" \/>\n<meta property=\"og:site_name\" content=\"Taxi Landeck | Flughafentaxi Landeck | Airport Transfer\" \/>\n<meta name=\"twitter:card\" content=\"summary_large_image\" \/>\n<meta name=\"twitter:label1\" content=\"Est. reading time\" \/>\n\t<meta name=\"twitter:data1\" content=\"2 minutes\" \/>\n<script type=\"application\/ld+json\" class=\"yoast-schema-graph\">{\"@context\":\"https:\/\/schema.org\",\"@graph\":[{\"@type\":\"WebPage\",\"@id\":\"https:\/\/taxi-landeck.co.at\/taxi-landeck-flughafen-transfer\/\",\"url\":\"https:\/\/taxi-landeck.co.at\/taxi-landeck-flughafen-transfer\/\",\"name\":\"Taxi Landeck Flughafen Transfer - Taxi Landeck | Flughafentaxi Landeck | Airport Transfer\",\"isPartOf\":{\"@id\":\"https:\/\/taxi-landeck.co.at\/en\/#website\"},\"datePublished\":\"2023-11-15T11:44:30+00:00\",\"dateModified\":\"2023-11-15T11:44:30+00:00\",\"breadcrumb\":{\"@id\":\"https:\/\/taxi-landeck.co.at\/taxi-landeck-flughafen-transfer\/#breadcrumb\"},\"inLanguage\":\"en-US\",\"potentialAction\":[{\"@type\":\"ReadAction\",\"target\":[\"https:\/\/taxi-landeck.co.at\/taxi-landeck-flughafen-transfer\/\"]}]},{\"@type\":\"BreadcrumbList\",\"@id\":\"https:\/\/taxi-landeck.co.at\/taxi-landeck-flughafen-transfer\/#breadcrumb\",\"itemListElement\":[{\"@type\":\"ListItem\",\"position\":1,\"name\":\"Home\",\"item\":\"https:\/\/taxi-landeck.co.at\/en\/\"},{\"@type\":\"ListItem\",\"position\":2,\"name\":\"Taxi Landeck Flughafen Transfer\"}]},{\"@type\":\"WebSite\",\"@id\":\"https:\/\/taxi-landeck.co.at\/en\/#website\",\"url\":\"https:\/\/taxi-landeck.co.at\/en\/\",\"name\":\"Taxi Landeck | Flughafentaxi Landeck | Airport Transfer\",\"description\":\"Der Landecker Taxi\",\"publisher\":{\"@id\":\"https:\/\/taxi-landeck.co.at\/en\/#organization\"},\"potentialAction\":[{\"@type\":\"SearchAction\",\"target\":{\"@type\":\"EntryPoint\",\"urlTemplate\":\"https:\/\/taxi-landeck.co.at\/en\/?s={search_term_string}\"},\"query-input\":{\"@type\":\"PropertyValueSpecification\",\"valueRequired\":true,\"valueName\":\"search_term_string\"}}],\"inLanguage\":\"en-US\"},{\"@type\":[\"Organization\",\"Place\"],\"@id\":\"https:\/\/taxi-landeck.co.at\/en\/#organization\",\"name\":\"Der Landecker Taxi\",\"alternateName\":\"Taxi Landeck\",\"url\":\"https:\/\/taxi-landeck.co.at\/en\/\",\"logo\":{\"@id\":\"https:\/\/taxi-landeck.co.at\/taxi-landeck-flughafen-transfer\/#local-main-organization-logo\"},\"image\":{\"@id\":\"https:\/\/taxi-landeck.co.at\/taxi-landeck-flughafen-transfer\/#local-main-organization-logo\"},\"address\":{\"@id\":\"https:\/\/taxi-landeck.co.at\/taxi-landeck-flughafen-transfer\/#local-main-place-address\"},\"geo\":{\"@type\":\"GeoCoordinates\",\"latitude\":\"47.141540\",\"longitude\":\"10.548720\"},\"telephone\":[\"+436606466500\",\"+436606466500\"],\"openingHoursSpecification\":[{\"@type\":\"OpeningHoursSpecification\",\"dayOfWeek\":[\"Monday\",\"Tuesday\",\"Wednesday\",\"Thursday\",\"Friday\",\"Saturday\",\"Sunday\"],\"opens\":\"00:00\",\"closes\":\"23:59\"}],\"email\":\"info@taxi-landeck.co.at\"},{\"@type\":\"PostalAddress\",\"@id\":\"https:\/\/taxi-landeck.co.at\/taxi-landeck-flughafen-transfer\/#local-main-place-address\",\"streetAddress\":\"Leitenweg 5\",\"addressLocality\":\"Landeck\",\"postalCode\":\"6500\",\"addressRegion\":\"Tirol\",\"addressCountry\":\"AT\"},{\"@type\":\"ImageObject\",\"inLanguage\":\"en-US\",\"@id\":\"https:\/\/taxi-landeck.co.at\/taxi-landeck-flughafen-transfer\/#local-main-organization-logo\",\"url\":\"https:\/\/taxi-landeck.co.at\/wp-content\/uploads\/2017\/11\/Derlandeckertaxi2_logoschwarz-1.png\",\"contentUrl\":\"https:\/\/taxi-landeck.co.at\/wp-content\/uploads\/2017\/11\/Derlandeckertaxi2_logoschwarz-1.png\",\"width\":600,\"height\":173,\"caption\":\"Der Landecker Taxi\"}]}<\/script>\n<meta name=\"geo.placename\" content=\"Landeck\" \/>\n<meta name=\"geo.position\" content=\"47.141540;10.548720\" \/>\n<meta name=\"geo.region\" content=\"Austria\" \/>\n<!-- \/ Yoast SEO Premium plugin. -->","yoast_head_json":{"title":"Taxi Landeck Flughafen Transfer - Taxi Landeck | Flughafentaxi Landeck | Airport Transfer","robots":{"index":"index","follow":"follow","max-snippet":"max-snippet:-1","max-image-preview":"max-image-preview:large","max-video-preview":"max-video-preview:-1"},"canonical":"https:\/\/taxi-landeck.co.at\/en\/taxi-landeck-flughafen-transfer\/","og_locale":"en_US","og_type":"article","og_title":"Taxi Landeck Flughafen Transfer","og_url":"https:\/\/taxi-landeck.co.at\/en\/taxi-landeck-flughafen-transfer\/","og_site_name":"Taxi Landeck | Flughafentaxi Landeck | Airport Transfer","twitter_card":"summary_large_image","twitter_misc":{"Est. reading time":"2 minutes"},"schema":{"@context":"https:\/\/schema.org","@graph":[{"@type":"WebPage","@id":"https:\/\/taxi-landeck.co.at\/taxi-landeck-flughafen-transfer\/","url":"https:\/\/taxi-landeck.co.at\/taxi-landeck-flughafen-transfer\/","name":"Taxi Landeck Flughafen Transfer - Taxi Landeck | Flughafentaxi Landeck | Airport Transfer","isPartOf":{"@id":"https:\/\/taxi-landeck.co.at\/en\/#website"},"datePublished":"2023-11-15T11:44:30+00:00","dateModified":"2023-11-15T11:44:30+00:00","breadcrumb":{"@id":"https:\/\/taxi-landeck.co.at\/taxi-landeck-flughafen-transfer\/#breadcrumb"},"inLanguage":"en-US","potentialAction":[{"@type":"ReadAction","target":["https:\/\/taxi-landeck.co.at\/taxi-landeck-flughafen-transfer\/"]}]},{"@type":"BreadcrumbList","@id":"https:\/\/taxi-landeck.co.at\/taxi-landeck-flughafen-transfer\/#breadcrumb","itemListElement":[{"@type":"ListItem","position":1,"name":"Home","item":"https:\/\/taxi-landeck.co.at\/en\/"},{"@type":"ListItem","position":2,"name":"Taxi Landeck Flughafen Transfer"}]},{"@type":"WebSite","@id":"https:\/\/taxi-landeck.co.at\/en\/#website","url":"https:\/\/taxi-landeck.co.at\/en\/","name":"Taxi Landeck | Flughafentaxi Landeck | Airport Transfer","description":"Der Landecker Taxi","publisher":{"@id":"https:\/\/taxi-landeck.co.at\/en\/#organization"},"potentialAction":[{"@type":"SearchAction","target":{"@type":"EntryPoint","urlTemplate":"https:\/\/taxi-landeck.co.at\/en\/?s={search_term_string}"},"query-input":{"@type":"PropertyValueSpecification","valueRequired":true,"valueName":"search_term_string"}}],"inLanguage":"en-US"},{"@type":["Organization","Place"],"@id":"https:\/\/taxi-landeck.co.at\/en\/#organization","name":"Der Landecker Taxi","alternateName":"Taxi Landeck","url":"https:\/\/taxi-landeck.co.at\/en\/","logo":{"@id":"https:\/\/taxi-landeck.co.at\/taxi-landeck-flughafen-transfer\/#local-main-organization-logo"},"image":{"@id":"https:\/\/taxi-landeck.co.at\/taxi-landeck-flughafen-transfer\/#local-main-organization-logo"},"address":{"@id":"https:\/\/taxi-landeck.co.at\/taxi-landeck-flughafen-transfer\/#local-main-place-address"},"geo":{"@type":"GeoCoordinates","latitude":"47.141540","longitude":"10.548720"},"telephone":["+436606466500","+436606466500"],"openingHoursSpecification":[{"@type":"OpeningHoursSpecification","dayOfWeek":["Monday","Tuesday","Wednesday","Thursday","Friday","Saturday","Sunday"],"opens":"00:00","closes":"23:59"}],"email":"info@taxi-landeck.co.at"},{"@type":"PostalAddress","@id":"https:\/\/taxi-landeck.co.at\/taxi-landeck-flughafen-transfer\/#local-main-place-address","streetAddress":"Leitenweg 5","addressLocality":"Landeck","postalCode":"6500","addressRegion":"Tirol","addressCountry":"AT"},{"@type":"ImageObject","inLanguage":"en-US","@id":"https:\/\/taxi-landeck.co.at\/taxi-landeck-flughafen-transfer\/#local-main-organization-logo","url":"https:\/\/taxi-landeck.co.at\/wp-content\/uploads\/2017\/11\/Derlandeckertaxi2_logoschwarz-1.png","contentUrl":"https:\/\/taxi-landeck.co.at\/wp-content\/uploads\/2017\/11\/Derlandeckertaxi2_logoschwarz-1.png","width":600,"height":173,"caption":"Der Landecker Taxi"}]},"geo.placename":"Landeck","geo.position":{"lat":"47.141540","long":"10.548720"},"geo.region":"Austria"},"_links":{"self":[{"href":"https:\/\/taxi-landeck.co.at\/en\/wp-json\/wp\/v2\/pages\/10603"}],"collection":[{"href":"https:\/\/taxi-landeck.co.at\/en\/wp-json\/wp\/v2\/pages"}],"about":[{"href":"https:\/\/taxi-landeck.co.at\/en\/wp-json\/wp\/v2\/types\/page"}],"author":[{"embeddable":true,"href":"https:\/\/taxi-landeck.co.at\/en\/wp-json\/wp\/v2\/users\/1"}],"replies":[{"embeddable":true,"href":"https:\/\/taxi-landeck.co.at\/en\/wp-json\/wp\/v2\/comments?post=10603"}],"version-history":[{"count":7,"href":"https:\/\/taxi-landeck.co.at\/en\/wp-json\/wp\/v2\/pages\/10603\/revisions"}],"predecessor-version":[{"id":10611,"href":"https:\/\/taxi-landeck.co.at\/en\/wp-json\/wp\/v2\/pages\/10603\/revisions\/10611"}],"wp:attachment":[{"href":"https:\/\/taxi-landeck.co.at\/en\/wp-json\/wp\/v2\/media?parent=10603"}],"curies":[{"name":"wp","href":"https:\/\/api.w.org\/{rel}","templated":true}]}}